{"id":1168,"date":"2021-08-24T06:34:39","date_gmt":"2021-08-24T06:34:39","guid":{"rendered":"https:\/\/intermargen.com\/?page_id=1168"},"modified":"2021-08-24T11:13:22","modified_gmt":"2021-08-24T11:13:22","slug":"politica-de-cookies","status":"publish","type":"page","link":"http:\/\/intermargen.com\/?page_id=1168","title":{"rendered":"Pol\u00edtica de Cookies"},"content":{"rendered":"<p>[vc_row overflow=&#8221;default&#8221; css=&#8221;.vc_custom_1589786795530{padding-top: 80px !important;padding-bottom: 90px !important;}&#8221;][vc_column width=&#8221;1\/6&#8243;][\/vc_column][vc_column width=&#8221;2\/3&#8243;]\r\n<div id=\"text-block-BOzZe1kAvu\" class=\"sh-text-block\">\r\n\t<\/p>\n<div class=\"et_pb_row et_pb_row_0\">\n<div class=\"et_pb_column et_pb_column_4_4 et_pb_column_0 et_pb_css_mix_blend_mode_passthrough et-last-child\">\n<div class=\"et_pb_module et_pb_text et_pb_text_0 et_pb_bg_layout_light et_pb_text_align_left\">\n<div class=\"et_pb_text_inner\">\n<h1>POL\u00cdTICA DE COOKIES<\/h1>\n<h4 style=\"text-align: center;\"><strong>INFORMACI\u00d3N SOBRE COOKIES<\/strong><\/h4>\n<p>Debido a la entrada en vigor de la referente modificaci\u00f3n de la \u00abLey de Servicios de la Sociedad de la Informaci\u00f3n\u00bb<br \/>\n(LSSICE) establecida por el Real Decreto 13\/2012, es de obligaci\u00f3n obtener el consentimiento expreso del usuario de<br \/>\ntodas las p\u00e1ginas web que usan cookies prescindibles, antes de que este navegue por ellas.<\/p>\n<p>&nbsp;<\/p>\n<\/div>\n<h4 style=\"text-align: center;\"><strong>\u00bfQU\u00c9 SON LAS COOKIES?<\/strong><\/h4>\n<p>Las cookies y otras tecnolog\u00edas similares tales como local shared objects, flash cookies o p\u00edxeles, son herramientas<br \/>\nempleadas por los servidores Web para almacenar y recuperar informaci\u00f3n acerca de sus visitantes, as\u00ed como para ofrecer<br \/>\nun correcto funcionamiento del sitio.<br \/>\nMediante el uso de estos dispositivos se permite al servidor Web recordar algunos datos concernientes al usuario, como<br \/>\nsus preferencias para la visualizaci\u00f3n de las p\u00e1ginas de ese servidor, nombre y contrase\u00f1a, productos que m\u00e1s le<br \/>\ninteresan, etc.<\/p>\n<p>&nbsp;<\/p>\n<\/div>\n<\/div>\n<h4 style=\"text-align: center;\"><strong>COOKIES AFECTADAS POR LA NORMATIVA Y COOKIES EXCEPTUADAS<\/strong><\/h4>\n<p>Seg\u00fan la directiva de la UE, las cookies que requieren el consentimiento informado por parte del usuario son las cookies de<br \/>\nanal\u00edtica y las de publicidad y afiliaci\u00f3n, quedando exceptuadas las de car\u00e1cter t\u00e9cnico y las necesarias para el<br \/>\nfuncionamiento del sitio web o la prestaci\u00f3n de servicios expresamente solicitados por el usuario.<\/p>\n<p>&nbsp;<\/p>\n<h4 style=\"text-align: center;\"><strong>TIPOS DE COOKIES<\/strong><\/h4>\n<h4><strong>SEG\u00daN LA FINALIDAD<\/strong><\/h4>\n<ul>\n<li><strong>Cookies t\u00e9cnicas y funcionales<\/strong>: son aquellas que permiten al usuario la navegaci\u00f3n a trav\u00e9s de una p\u00e1gina<br \/>\nweb, plataforma o aplicaci\u00f3n y la utilizaci\u00f3n de las diferentes opciones o servicios que en ella existan.<\/li>\n<li><strong>Cookies anal\u00edticas<\/strong>: son aquellas que permiten al responsable de las mismas el seguimiento y an\u00e1lisis del<br \/>\ncomportamiento de los usuarios de los sitios web a los que est\u00e1n vinculadas. La informaci\u00f3n recogida mediante<br \/>\neste tipo de cookies se utiliza en la medici\u00f3n de la actividad de los sitios web, aplicaci\u00f3n o plataforma y para la<br \/>\nelaboraci\u00f3n de perfiles de navegaci\u00f3n de los usuarios de dichos sitios, aplicaciones y plataformas, con el fin de<br \/>\nintroducir mejoras en funci\u00f3n del an\u00e1lisis de los datos de uso que hacen los usuarios del servicio.<\/li>\n<li><strong>Cookies publicitarias<\/strong>: son aquellas que permiten la gesti\u00f3n, de la forma m\u00e1s eficaz posible, de los espacios<br \/>\npublicitarios que, en su caso, el editor haya incluido en una p\u00e1gina web, aplicaci\u00f3n o plataforma desde la que<br \/>\npresta el servicio solicitado en base a criterios como el contenido editado o la frecuencia en la que se muestran los<br \/>\nanuncios.<\/li>\n<li><strong>Cookies de publicidad comportamental<\/strong>: recogen informaci\u00f3n sobre las preferencias y elecciones personales<br \/>\ndel usuario (retargeting) para permitir la gesti\u00f3n, de la forma m\u00e1s eficaz posible, de los espacios publicitarios que,<br \/>\nen su caso, el editor haya incluido en una p\u00e1gina web, aplicaci\u00f3n o plataforma desde la que presta el servicio<br \/>\nsolicitado.<\/li>\n<li><strong>Cookies sociales<\/strong>: son establecidas por las plataformas de redes sociales en los servicios para permitirle<br \/>\ncompartir contenido con sus amigos y redes. Las plataformas de medios sociales tienen la capacidad de rastrear<br \/>\nsu actividad en l\u00ednea fuera de los Servicios. Esto puede afectar al contenido y los mensajes que ve en otros<br \/>\nservicios que visita.<\/li>\n<li><strong>Cookies de afiliados<\/strong>: permiten hacer un seguimiento de las visitas procedentes de otras webs, con las que el<br \/>\nsitio web establece un contrato de afiliaci\u00f3n (empresas de afiliaci\u00f3n).<\/li>\n<li><strong>Cookies de seguridad<\/strong>: almacenan informaci\u00f3n cifrada para evitar que los datos guardados en ellas sean<br \/>\nvulnerables a ataques maliciosos de terceros.<\/li>\n<\/ul>\n<h4><strong>SEG\u00daN LA PROPIEDAD<\/strong><\/h4>\n<ul>\n<li><strong>Cookies propias<\/strong>: son aquellas que se env\u00edan al equipo terminal del usuario desde un equipo o dominio<br \/>\ngestionado por el propio editor y desde el que se presta el servicio solicitado por el usuario.<\/li>\n<li><strong>Cookies de terceros<\/strong>: son aquellas que se env\u00edan al equipo terminal del usuario desde un equipo o dominio que<br \/>\nno es gestionado por el editor, sino por otra entidad que trata los datos obtenidos trav\u00e9s de las cookies.<\/li>\n<\/ul>\n<p>&nbsp;<\/p>\n<h4><strong>SEG\u00daN EL PLAZO DE CONSERVACI\u00d3N<\/strong><\/h4>\n<ul>\n<li><strong>Cookies de sesi\u00f3n<\/strong>: son un tipo de cookies dise\u00f1adas para recabar y almacenar datos mientras el usuario<br \/>\naccede a una p\u00e1gina web.<\/li>\n<li><strong>Cookies persistentes<\/strong>: son un tipo de cookies en el que los datos siguen almacenados en el terminal y pueden<br \/>\nser accedidos y tratados durante un per\u00edodo definido por el responsable de la cookie , y que puede ir de unos<br \/>\nminutos a varios a\u00f1os.<\/li>\n<\/ul>\n<h4 style=\"text-align: center;\"><strong>TRATAMIENTO DE DATOS PERSONALES<\/strong><\/h4>\n<p>INTERMARGEN, S.L. es el <strong>Responsable del tratamiento<\/strong> de los datos personales del Interesado y le informa de que<br \/>\nestos datos ser\u00e1n tratados de conformidad con lo dispuesto en el Reglamento (UE) 2016\/679, de 27 de abril de 2016<br \/>\n(GDPR), por lo que se le facilita la siguiente informaci\u00f3n del tratamiento:<\/p>\n<p><strong>Fines del tratamient<\/strong>o: seg\u00fan se especifica en el apartado de cookies que se utilizan en este sitio web.<\/p>\n<p><strong>Legitimaci\u00f3n del tratamiento<\/strong>: por consentimiento del interesado (art. 6.1 GDPR).<\/p>\n<p><strong>Criterios de conservaci\u00f3n de los datos<\/strong>: seg\u00fan se especifica en el apartado de cookies utilizadas en la web.<\/p>\n<p><strong>Comunicaci\u00f3n de los datos<\/strong>: no se comunicar\u00e1n los datos a terceros, excepto en cookies propiedad de terceros o por<br \/>\nobligaci\u00f3n legal.<\/p>\n<h4><strong>Derechos que asisten al Interesado:<\/strong><\/h4>\n<p>&#8211; Derecho a retirar el consentimiento en cualquier momento.<br \/>\n&#8211; Derecho de acceso, rectificaci\u00f3n, portabilidad y supresi\u00f3n de sus datos y a la limitaci\u00f3n u oposici\u00f3n a su tratamiento.<br \/>\n&#8211; Derecho a presentar una reclamaci\u00f3n ante la Autoridad de control (www.aepd.es) si considera que el tratamiento no se<br \/>\najusta a la normativa vigente.<\/p>\n<h4><strong>Datos de contacto para ejercer sus derechos<\/strong>:<\/h4>\n<p>INTERMARGEN, S.L..<\/p>\n<\/div>\n<h4 style=\"text-align: center;\"><\/h4>\n<p><\/div>\r\n            <style type=\"text\/css\">\r\n                #text-block-BOzZe1kAvu {margin: 0px 0px 15px 0px;}#text-block-BOzZe1kAvu a:hover,#text-block-BOzZe1kAvu a:focus {color: #10a0c0;}#text-block-BOzZe1kAvu .drop-cap {font-weight: bold;font-size: 50px;display: block;float: left;margin: 8px 10px 0 0;}            <\/style>\r\n        [\/vc_column][vc_column width=&#8221;1\/6&#8243;][\/vc_column][\/vc_row][vc_row][vc_column]\r\n<div id=\"text-block-gT8fcqVH4n\" class=\"sh-text-block\">\r\n\t<\/p>\n<table class=\"default\" style=\"height: 119px;\" width=\"1052\">\n<tbody>\n<tr>\n<td style=\"text-align: center;\" bgcolor=\"#c3c3c3\">\n<h4><strong>PANEL DE CONFIGURACI\u00d3N<\/strong><\/h4>\n<\/td>\n<\/tr>\n<tr>\n<td bgcolor=\"#c3c3c3\">\n<h4><strong>COOKIES T\u00c9CNICAS Y FUNCIONALES<br \/>\nNo precisan consentimiento del usuario<\/strong><\/h4>\n<\/td>\n<\/tr>\n<\/tbody>\n<\/table>\n<table class=\"default\" style=\"height: 119px;\" width=\"1052\">\n<tbody>\n<tr>\n<td>NOMBRE<\/td>\n<td>TIPO<\/td>\n<td>PROPIEDAD<\/td>\n<td>FINALIDAD<\/td>\n<td>PLAZO<\/td>\n<td>OBSERVACIONES<\/td>\n<\/tr>\n<tr>\n<td>\n<h4>PHPSESSID<\/h4>\n<\/td>\n<td>T\u00e9cnica<\/td>\n<td>Propia<\/td>\n<td>Contiene el identificador de la sesi\u00f3n<\/td>\n<td>Al cerrar<br \/>\nel<br \/>\nnavegador<\/td>\n<td>Sesi\u00f3n<\/td>\n<\/tr>\n<tr>\n<td>\n<h4>cookielawinfo-checkbox-necessary<\/h4>\n<\/td>\n<td>T\u00e9cnica<\/td>\n<td>Propia<\/td>\n<td>Establecida por el Plugin GDPR Cookie Consent. Se emplea<br \/>\npara recordar el consentimiento del usuario de las cookies<br \/>\ncategorizadas como &#8220;Necesarias&#8221;.<\/td>\n<td>11 meses<\/td>\n<td>Persistente<\/td>\n<\/tr>\n<tr>\n<td>\n<h4>cookielawinfo-checkbox-non-necessary<\/h4>\n<\/td>\n<td>T\u00e9cnica<\/td>\n<td>Propia<\/td>\n<td>Establecida por el Plugin GDPR Cookie Consent. Se emplea<br \/>\npara recordar el consentimiento del usuario de las cookies<br \/>\ncategorizadas como &#8220;No necesarias&#8221;.<\/td>\n<td>11 meses<\/td>\n<td>Persistente<\/td>\n<\/tr>\n<tr>\n<td>\n<h4>viewed_cookie_policy<\/h4>\n<\/td>\n<td>T\u00e9cnica<\/td>\n<td>Propia<\/td>\n<td>Se utiliza para recordar sus preferencias en cuanto a la Pol\u00edtica<br \/>\nde Cookies establecida<\/td>\n<td>1 a\u00f1o<\/td>\n<td>Persistente<\/td>\n<\/tr>\n<\/tbody>\n<\/table>\n<p>&nbsp;<\/p>\n<table class=\"default\" style=\"height: 119px;\" width=\"1052\">\n<tbody>\n<tr>\n<td style=\"text-align: center;\" bgcolor=\"#c3c3c3\">\n<h4><strong>PANEL DE CONFIGURACI\u00d3N<\/strong><\/h4>\n<\/td>\n<\/tr>\n<tr>\n<td bgcolor=\"#c3c3c3\">COOKIES DE TERCEROS CONTROLADAS POR EL EDITOR (Google, Youtube, Cloudflare, Bizible)<br \/>\nO Marcar o desmarcar seg\u00fan se desee aceptar o rechazar la instalaci\u00f3n de estas cookies.<\/td>\n<\/tr>\n<\/tbody>\n<\/table>\n<table class=\"default\" style=\"height: 119px;\" width=\"1052\">\n<tbody>\n<tr>\n<td>NOMBRE<\/td>\n<td>TIPO<\/td>\n<td>PROPIEDAD<\/td>\n<td>FINALIDAD<\/td>\n<td>PLAZO<\/td>\n<td>OBSERVACIONES<\/td>\n<\/tr>\n<tr>\n<td>\n<h4>1P_JAR<\/h4>\n<\/td>\n<td>Publicitaria<\/td>\n<td>Google<\/td>\n<td>Transfiere datos a Google para hacer la publicidad m\u00e1s<br \/>\natractiva<\/td>\n<td>1 semana<\/td>\n<td>Persistente<\/td>\n<\/tr>\n<tr>\n<td>\n<h4>ANID<\/h4>\n<\/td>\n<td>Publicitaria<\/td>\n<td>Google<\/td>\n<td>Contiene un valor generado aleatoriamente \u00fanico que permite<br \/>\na la Plataforma distinguir navegadores y dispositivos. Esta<br \/>\ninformaci\u00f3n se utiliza para medir el rendimiento de los<br \/>\nanuncios y proporcionar recomendaciones relativas a<br \/>\nproductos basadas en datos estad\u00edsticos<\/td>\n<td>1 a\u00f1o<\/td>\n<td>Persistente<\/td>\n<\/tr>\n<tr>\n<td>\n<h4>APISID<\/h4>\n<\/td>\n<td>T\u00e9cnica<\/td>\n<td>Google<\/td>\n<td>Establecida por el Plugin GDPR Cookie Consent. Se emplea<br \/>\npara recordar el consentimiento del usuario de las cookies<br \/>\ncategorizadas como &#8220;No necesarias&#8221;.<\/td>\n<td>11 meses<\/td>\n<td>Persistente<\/td>\n<\/tr>\n<tr>\n<td>\n<h4>CONSENT<\/h4>\n<\/td>\n<td>Publicitaria<\/td>\n<td>Google<\/td>\n<td>Contiene un valor generado aleatoriamente \u00fanico que permite<br \/>\na la Plataforma distinguir navegadores y dispositivos. Esta<br \/>\ninformaci\u00f3n se utiliza para medir el rendimiento de los<br \/>\nanuncios y proporcionar recomendaciones relativas a<br \/>\nproductos basadas en datos estad\u00edsticos<\/td>\n<td>1 a\u00f1o<\/td>\n<td>Persistente<\/td>\n<\/tr>\n<tr>\n<td>\n<h4>HSID<\/h4>\n<\/td>\n<td>T\u00e9cnica<\/td>\n<td>Google<\/td>\n<td>Al crear o iniciar sesi\u00f3n en una cuenta de Google se almacena<br \/>\nesta cookie<\/td>\n<td>2 a\u00f1o<\/td>\n<td>Persistente<\/td>\n<\/tr>\n<tr>\n<td>\n<h4>SID<\/h4>\n<\/td>\n<td><\/td>\n<td>Google<\/td>\n<td>Recoger informaci\u00f3n para el buscador de Google incluido en la<br \/>\nweb (Google CSE)<\/td>\n<td>2 a\u00f1o<\/td>\n<td>Persistente<\/td>\n<\/tr>\n<tr>\n<td>\n<h4>NID, OTZ<\/h4>\n<\/td>\n<td><\/td>\n<td>Google<\/td>\n<td>El bot\u00f3n \u00abGoogle +1\u00bb utilizado en nuestro sitio web est\u00e1<br \/>\nalojado en Google, su navegador env\u00eda informaci\u00f3n de las<br \/>\ncookies que Google requiere si mantiene la sesi\u00f3n activa con<br \/>\nsu cuenta, estos datos son utilizados por Google con el fin de<br \/>\nasociarlos a su cuenta<\/td>\n<td>6 meses<\/td>\n<td>Persistente<\/td>\n<\/tr>\n<tr>\n<td>\n<h4>SIDCC<\/h4>\n<\/td>\n<td><\/td>\n<td>Google<\/td>\n<td>Esta cookie es utilizada por Google para proveer servicios y<br \/>\nextraer informaci\u00f3n an\u00f3nima sobre la navegaci\u00f3n<\/td>\n<td>3 meses<\/td>\n<td>Persistente<\/td>\n<\/tr>\n<tr>\n<td>\n<h4>SSID<\/h4>\n<\/td>\n<td><\/td>\n<td>Google<\/td>\n<td>Recoge informaci\u00f3n para el buscador de Google incluido en la<br \/>\nweb (Google CSE)<\/td>\n<td>3 meses<\/td>\n<td>Persistente<\/td>\n<\/tr>\n<tr>\n<td>\n<h4>DV<\/h4>\n<\/td>\n<td>T\u00e9cnica<\/td>\n<td>Google<\/td>\n<td>Es utilizada por Google para proveer servicios y extraer<br \/>\ninformaci\u00f3n an\u00f3nima sobre la navegaci\u00f3n<\/td>\n<td>10 minutos<\/td>\n<td>Sesi\u00f3n<\/td>\n<\/tr>\n<tr>\n<td>\n<h4>SAPISID<\/h4>\n<\/td>\n<td>T\u00e9cnica<\/td>\n<td>Yutube<\/td>\n<td>Cookies t\u00e9cnicas utilizadas por Youtube<\/td>\n<td>3 meses<\/td>\n<td>Persistente<\/td>\n<\/tr>\n<tr>\n<td>\n<h4>__Secure-3PSID,<br \/>\n__Secure-3PAPISID,<br \/>\n__Secure-3PSIDCC<\/h4>\n<\/td>\n<td>T\u00e9cnica<\/td>\n<td>Google<\/td>\n<td>Publicitaria. Estas cookies se utilizan para entregar anuncios<br \/>\nm\u00e1s relevantes para usted y sus intereses<\/td>\n<td>2 a\u00f1o<\/td>\n<td>Persistente<\/td>\n<\/tr>\n<tr>\n<td>\n<h4>SEARCH_SAMEISTE<\/h4>\n<\/td>\n<td>T\u00e9cnica<\/td>\n<td>Google<\/td>\n<td>Sirve para impedir que el navegador env\u00ede autom\u00e1ticamente<br \/>\nuna determinada cookie cuando la petici\u00f3n se origina desde un<br \/>\ndominio externo<\/td>\n<td>2 a\u00f1o<\/td>\n<td>Persistente<\/td>\n<\/tr>\n<tr>\n<td>\n<h4>OGPC, OGP<\/h4>\n<\/td>\n<td>T\u00e9cnica<\/td>\n<td>Google<\/td>\n<td>Se usan para visualizar ubicaciones geogr\u00e1ficas. Estas cookies<br \/>\nson gestionadas enteramente por Google.<\/td>\n<td>2 a\u00f1o<\/td>\n<td>Persistente<\/td>\n<\/tr>\n<\/tbody>\n<\/table>\n<p>&nbsp;<\/p>\n<p>&nbsp;<\/p>\n<p>&nbsp;<\/p>\n<table class=\"default\" style=\"height: 119px;\" width=\"1052\">\n<tbody>\n<tr>\n<td style=\"text-align: center;\" bgcolor=\"#c3c3c3\">\n<h4><strong>PANEL DE CONFIGURACI\u00d3N<\/strong><\/h4>\n<\/td>\n<\/tr>\n<tr>\n<td bgcolor=\"#c3c3c3\">COOKIES DE TERCEROS CONTROLADAS POR EL EDITOR (Google, Youtube, Cloudflare, Bizible)<br \/>\nLos servicios de terceros son ajenos al control del editor.<br \/>\nLos proveedores pueden modificar en todo momento sus condiciones de servicio, finalidad y utilizaci\u00f3n de las cookies, etc.<\/td>\n<\/tr>\n<tr>\n<td>Algunas de nuestras p\u00e1ginas del sitio web muestran contenido de proveedores externos, como YouTube, Facebook, Twitter,<br \/>\nLinkedIn, etc.<br \/>\nPara acceder a los contenidos de terceros, los usuarios deben aceptar previamente las condiciones que estos aplican (entre las<br \/>\nque se incluyen sus pol\u00edticas de cookies, ajenas a nuestro control).<br \/>\nSi los usuarios optan por no acceder a esos contenidos, estas cookies de terceros no se instalan en sus dispositivos.<br \/>\nProveedores externos de este sitio web:<a href=\"https:\/\/www.youtube.com\/t\/terms\" target=\"_blank\" rel=\"noopener\">YouTube<\/a><a href=\"https:\/\/policies.google.com\/terms?hl=en&amp;gl=be\">Google<\/a><\/td>\n<\/tr>\n<\/tbody>\n<\/table>\n<p>&nbsp;<\/p>\n<table class=\"default\" style=\"height: 81px;\" width=\"1049\">\n<tbody>\n<tr>\n<td style=\"text-align: center;\" bgcolor=\"#c3c3c3\">\n<h4><strong>C\u00d3MO GESTIONAR LAS COOKIES DESDE EL NAVEGADOR<\/strong><\/h4>\n<\/td>\n<\/tr>\n<\/tbody>\n<\/table>\n<table class=\"default\" style=\"height: 119px;\" width=\"1052\">\n<tbody>\n<tr>\n<td>\n<h4>Eliminar las cookies del<\/h4>\n<h4>dispositivo<\/h4>\n<\/td>\n<td>Las cookies que ya est\u00e1n en un dispositivo se pueden eliminar borrando el historial del<br \/>\nnavegador, con lo que se suprimen las cookies de todos los sitios web visitados.<br \/>\nSin embargo, tambi\u00e9n se puede perder parte de la informaci\u00f3n guardada (por ejemplo,<br \/>\nlos datos de inicio de sesi\u00f3n o las preferencias de sitio web).<\/td>\n<\/tr>\n<tr>\n<td>\n<h4>Gestionar las cookies espec\u00edficas del sitio<\/h4>\n<\/td>\n<td>Para tener un control m\u00e1s preciso de las cookies espec\u00edficas de cada sitio, los usuarios<br \/>\npueden ajustar su configuraci\u00f3n de privacidad y cookies en el navegador.<\/td>\n<\/tr>\n<tr>\n<td>\n<h4>Bloquear las cookies<\/h4>\n<\/td>\n<td>Aunque la mayor\u00eda de los navegadores modernos se pueden configurar para evitar que<br \/>\nse instalen cookies en los dispositivos, eso puede obligar al ajuste manual de<br \/>\ndeterminadas preferencias cada vez que se visite un sitio o p\u00e1gina. Adem\u00e1s, algunos<br \/>\nservicios y caracter\u00edsticas pueden no funcionar correctamente (por ejemplo, los inicios de<br \/>\nsesi\u00f3n con perfil).<\/td>\n<\/tr>\n<\/tbody>\n<\/table>\n<table class=\"default\" style=\"height: 81px;\" width=\"1049\">\n<tbody>\n<tr>\n<td style=\"text-align: center;\" bgcolor=\"#c3c3c3\">\n<h4><strong>C\u00d3MO ELIMINAR LAS COOKIES DE LOS NAVEGADORES M\u00c1S COMUNES<\/strong><\/h4>\n<\/td>\n<\/tr>\n<\/tbody>\n<\/table>\n<table class=\"default\" style=\"height: 119px;\" width=\"1052\">\n<tbody>\n<tr>\n<td>\n<h4>Chrome<\/h4>\n<\/td>\n<td><a href=\"http:\/\/support.google.com\/chrome\/answer\/95647?hl=es\">http:\/\/support.google.com\/chrome\/answer\/95647?hl=es<\/a><\/td>\n<\/tr>\n<tr>\n<td>\n<h4>Internet Explorer. Versi\u00f3n 11<\/h4>\n<\/td>\n<td><a href=\"https:\/\/support.microsoft.com\/es-es\/help\/278835\/how-to-delete-cookie-files-in-internet-explorer\">https:\/\/support.microsoft.com\/es-es\/help\/278835\/how-to-delete-cookie-files-in-internet-explorer<\/a><\/td>\n<\/tr>\n<tr>\n<td>\n<h4>Firefox. Versi\u00f3n 65.0.1<\/h4>\n<\/td>\n<td><a href=\"https:\/\/www.mozilla.org\/es-ES\/privacy\/websites\/#cookies\">https:\/\/www.mozilla.org\/es-ES\/privacy\/websites\/#cookies<\/a><\/td>\n<\/tr>\n<tr>\n<td>\n<h4>Safari Versi\u00f3n 5.1<\/h4>\n<\/td>\n<td><a href=\"https:\/\/support.apple.com\/es-es\/guide\/safari\/sfri11471\/mac\">https:\/\/support.apple.com\/es-es\/guide\/safari\/sfri11471\/mac<\/a><\/td>\n<\/tr>\n<tr>\n<td>\n<h4>Opera<\/h4>\n<\/td>\n<td><a href=\"https:\/\/help.opera.com\/en\/latest\/security-and-privacy\/#clearBrowsingData\">https:\/\/help.opera.com\/en\/latest\/security-and-privacy\/#clearBrowsingData<\/a><\/td>\n<\/tr>\n<\/tbody>\n<\/table>\n<p><\/div>\r\n            <style type=\"text\/css\">\r\n                #text-block-gT8fcqVH4n {margin: 0px 0px 15px 0px;}#text-block-gT8fcqVH4n a:hover,#text-block-gT8fcqVH4n a:focus {color: #10a0c0;}#text-block-gT8fcqVH4n .drop-cap {font-weight: bold;font-size: 50px;display: block;float: left;margin: 8px 10px 0 0;}            <\/style>\r\n        [\/vc_column][\/vc_row][vc_row][vc_column]\r\n            \r\n            <div class=\"sh-empty-space vc_empty_space sh-empty-space-IuOCcAE36r  \" style=\"height: 32px\">\r\n                <span class=\"vc_empty_space_inner\"><\/span>\r\n            <\/div>\r\n\r\n        [\/vc_column][\/vc_row]<\/p>\n","protected":false},"excerpt":{"rendered":"<p>[vc_row overflow=&#8221;default&#8221; css=&#8221;.vc_custom_1589786795530{padding-top: 80px !important;padding-bottom: 90px !important;}&#8221;][vc_column width=&#8221;1\/6&#8243;][\/vc_column][vc_column width=&#8221;2\/3&#8243;] POL\u00cdTICA DE COOKIES INFORMACI\u00d3N SOBRE COOKIES Debido a la entrada en vigor de la referente modificaci\u00f3n de la \u00abLey de Servicios de la Sociedad de la Informaci\u00f3n\u00bb (LSSICE) establecida por el Real Decreto 13\/2012, es de&#8230;<\/p>\n","protected":false},"author":2,"featured_media":0,"parent":0,"menu_order":0,"comment_status":"closed","ping_status":"closed","template":"","meta":{"footnotes":""},"class_list":["post-1168","page","type-page","status-publish","hentry"],"_links":{"self":[{"href":"http:\/\/intermargen.com\/index.php?rest_route=\/wp\/v2\/pages\/1168","targetHints":{"allow":["GET"]}}],"collection":[{"href":"http:\/\/intermargen.com\/index.php?rest_route=\/wp\/v2\/pages"}],"about":[{"href":"http:\/\/intermargen.com\/index.php?rest_route=\/wp\/v2\/types\/page"}],"author":[{"embeddable":true,"href":"http:\/\/intermargen.com\/index.php?rest_route=\/wp\/v2\/users\/2"}],"replies":[{"embeddable":true,"href":"http:\/\/intermargen.com\/index.php?rest_route=%2Fwp%2Fv2%2Fcomments&post=1168"}],"version-history":[{"count":13,"href":"http:\/\/intermargen.com\/index.php?rest_route=\/wp\/v2\/pages\/1168\/revisions"}],"predecessor-version":[{"id":1184,"href":"http:\/\/intermargen.com\/index.php?rest_route=\/wp\/v2\/pages\/1168\/revisions\/1184"}],"wp:attachment":[{"href":"http:\/\/intermargen.com\/index.php?rest_route=%2Fwp%2Fv2%2Fmedia&parent=1168"}],"curies":[{"name":"wp","href":"https:\/\/api.w.org\/{rel}","templated":true}]}}