{"id":1149,"date":"2021-06-08T14:56:48","date_gmt":"2021-06-08T14:56:48","guid":{"rendered":"https:\/\/intermargen.com\/?page_id=1149"},"modified":"2021-06-08T15:08:00","modified_gmt":"2021-06-08T15:08:00","slug":"aviso-legal","status":"publish","type":"page","link":"http:\/\/intermargen.com\/?page_id=1149","title":{"rendered":"Aviso legal"},"content":{"rendered":"<p>[vc_row overflow=&#8221;default&#8221; css=&#8221;.vc_custom_1589786795530{padding-top: 80px !important;padding-bottom: 90px !important;}&#8221;][vc_column width=&#8221;1\/6&#8243;][\/vc_column][vc_column width=&#8221;2\/3&#8243;]\r\n<div id=\"text-block-DF2UsfJtXN\" class=\"sh-text-block\">\r\n\t<\/p>\n<div class=\"et_pb_row et_pb_row_0\">\n<div class=\"et_pb_column et_pb_column_4_4 et_pb_column_0 et_pb_css_mix_blend_mode_passthrough et-last-child\">\n<div class=\"et_pb_module et_pb_text et_pb_text_0 et_pb_bg_layout_light et_pb_text_align_left\">\n<div class=\"et_pb_text_inner\">\n<h1 style=\"text-align: center;\">Aviso legal<\/h1>\n<p>&nbsp;<\/p>\n<h3><strong>LEY DE LOS SERVICIOS DE LA SOCIEDAD DE LA INFORMACI\u00d3N (LSSI)<\/strong><\/h3>\n<p>INTERMARGEN, S.L., responsable del sitio web, en adelante RESPONSABLE, pone a disposici\u00f3n de<br \/>\nlos usuarios el presente documento, con el que pretende dar cumplimiento a las obligaciones<br \/>\ndispuestas en la Ley 34\/2002, de 11 de julio, de Servicios de la Sociedad de la Informaci\u00f3n y de<br \/>\nComercio Electr\u00f3nico (LSSICE), BOE N.\u00ba 166, as\u00ed como informar a todos los usuarios del sitio web<br \/>\nrespecto a cu\u00e1les son las condiciones de uso.<br \/>\nToda persona que acceda a este sitio web asume el papel de usuario, comprometi\u00e9ndose a la<br \/>\nobservancia y cumplimiento riguroso de las disposiciones aqu\u00ed dispuestas, as\u00ed como a cualquier otra<br \/>\ndisposici\u00f3n legal que fuera de aplicaci\u00f3n.<br \/>\nINTERMARGEN, S.L. se reserva el derecho de modificar cualquier tipo de informaci\u00f3n que pudiera<br \/>\naparecer en el sitio web, sin que exista obligaci\u00f3n de preavisar o poner en conocimiento de los<br \/>\nusuarios dichas obligaciones, entendi\u00e9ndose como suficiente la publicaci\u00f3n en el sitio web de<br \/>\nINTERMARGEN, S.L..<\/p>\n<h3><strong>1. DATOS IDENTIFICATIVOS<\/strong><\/h3>\n<p>Nombre de dominio: intermargen.com<br \/>\nNombre comercial: INTERMARGEN<br \/>\nDenominaci\u00f3n social: INTERMARGEN, S.L.<br \/>\nNIF: B86345857<br \/>\nDomicilio social: C\/ CALIDAD 34 EDIFICIO 1 NAVES 2-8 , 28906 GETAFE (MADRID)<br \/>\nTel\u00e9fono: 916811010<br \/>\ne-mail: intermargen@intermargen.com<br \/>\nInscrita en el Registro (Mercantil \/ P\u00fablico):<\/p>\n<h3><strong>2. DERECHOS DE PROPIEDAD INTELECTUAL E INDUSTRIAL<\/strong><\/h3>\n<p>El sitio web, incluyendo a t\u00edtulo enunciativo pero no limitativo su programaci\u00f3n, edici\u00f3n, compilaci\u00f3n y<br \/>\ndem\u00e1s elementos necesarios para su funcionamiento, los dise\u00f1os, logotipos, texto y\/o gr\u00e1ficos, son<br \/>\npropiedad del RESPONSABLE o, si es el caso, dispone de licencia o autorizaci\u00f3n expresa por parte de<br \/>\nlos autores. Todos los contenidos del sitio web se encuentran debidamente protegidos por la normativa<br \/>\nde propiedad intelectual e industrial, as\u00ed como inscritos en los registros p\u00fablicos correspondientes.<br \/>\nIndependientemente de la finalidad para la que fueran destinados, la reproducci\u00f3n total o parcial, uso,<br \/>\nexplotaci\u00f3n, distribuci\u00f3n y comercializaci\u00f3n, requiere en todo caso la autorizaci\u00f3n escrita previa por<br \/>\nparte del RESPONSABLE. Cualquier uso no autorizado previamente se considera un incumplimiento<br \/>\ngrave de los derechos de propiedad intelectual o industrial del autor.<br \/>\nLos dise\u00f1os, logotipos, texto y\/o gr\u00e1ficos ajenos al RESPONSABLE y que pudieran aparecer en el sitio<br \/>\nweb, pertenecen a sus respectivos propietarios, siendo ellos mismos responsables de cualquier posible<br \/>\ncontroversia que pudiera suscitarse respecto a los mismos. El RESPONSABLE autoriza expresamente<br \/>\na que terceros puedan redirigir directamente a los contenidos concretos del sitio web, y en todo caso<br \/>\nredirigir al sitio web principal de intermargen.com.<br \/>\nEl RESPONSABLE reconoce a favor de sus titulares los correspondientes derechos de propiedad<br \/>\nintelectual e industrial, no implicando su sola menci\u00f3n o aparici\u00f3n en el sitio web la existencia de<br \/>\nderechos o responsabilidad alguna sobre los mismos, como tampoco respaldo, patrocinio o<br \/>\nrecomendaci\u00f3n por parte del mismo.<br \/>\nPara realizar cualquier tipo de observaci\u00f3n respecto a posibles incumplimientos de los derechos de<br \/>\npropiedad intelectual o industrial, as\u00ed como sobre cualquiera de los contenidos del sitio web, puede<br \/>\nhacerlo a trav\u00e9s del correo electr\u00f3nico intermargen@intermargen.com.<\/p>\n<h3><strong>3. EXENCI\u00d3N DE RESPONSABILIDADES<\/strong><\/h3>\n<p>El RESPONSABLE se exime de cualquier tipo de responsabilidad derivada de la informaci\u00f3n publicada<br \/>\nen su sitio web siempre que esta informaci\u00f3n haya sido manipulada o introducida por un tercero ajeno<br \/>\nal mismo.<\/p>\n<p>&nbsp;<\/p>\n<h3><strong>Uso de Cookies<\/strong><\/h3>\n<p>Este sitio web puede utilizar cookies t\u00e9cnicas (peque\u00f1os archivos de informaci\u00f3n que el servidor env\u00eda<br \/>\nal ordenador de quien accede a la p\u00e1gina) para llevar a cabo determinadas funciones que son<br \/>\nconsideradas imprescindibles para el correcto funcionamiento y visualizaci\u00f3n del sitio. Las cookies<br \/>\nutilizadas tienen, en todo caso, car\u00e1cter temporal, con la \u00fanica finalidad de hacer m\u00e1s eficaz la<br \/>\nnavegaci\u00f3n, y desaparecen al terminar la sesi\u00f3n del usuario. En ning\u00fan caso, estas cookies<br \/>\nproporcionan por s\u00ed mismas datos de car\u00e1cter personal y no se utilizar\u00e1n para la recogida de los<br \/>\nmismos.<br \/>\nMediante el uso de cookies tambi\u00e9n es posible que el servidor donde se encuentra la web reconozca el<br \/>\nnavegador utilizado por el usuario con la finalidad de que la navegaci\u00f3n sea m\u00e1s sencilla, permitiendo,<br \/>\npor ejemplo, el acceso de los usuarios que se hayan registrado previamente a las \u00e1reas, servicios,<br \/>\npromociones o concursos reservados exclusivamente a ellos sin tener que registrarse en cada visita.<br \/>\nTambi\u00e9n se pueden utilizar para medir la audiencia, par\u00e1metros de tr\u00e1fico, controlar el progreso y<br \/>\nn\u00famero de entradas, etc., siendo en estos casos cookies prescindibles t\u00e9cnicamente, pero<br \/>\nbeneficiosas para el usuario. Este sitio web no instalar\u00e1 cookies prescindibles sin el consentimiento<br \/>\nprevio del usuario.<br \/>\nEl usuario tiene la posibilidad de configurar su navegador para ser alertado de la recepci\u00f3n de cookies<br \/>\ny para impedir su instalaci\u00f3n en su equipo. Por favor, consulte las instrucciones de su navegador para<br \/>\nampliar esta informaci\u00f3n.<\/p>\n<h3><strong>Pol\u00edtica de enlaces<\/strong><\/h3>\n<p>Desde el sitio web, es posible que se redirija a contenidos de terceros sitios web. Dado que el<br \/>\nRESPONSABLE no puede controlar siempre los contenidos introducidos por terceros en sus<br \/>\nrespectivos sitios web, no asume ning\u00fan tipo de responsabilidad respecto a dichos contenidos. En todo<br \/>\ncaso, proceder\u00e1 a la retirada inmediata de cualquier contenido que pudiera contravenir la legislaci\u00f3n<br \/>\nnacional o internacional, la moral o el orden p\u00fablico, procediendo a la retirada inmediata de la<br \/>\nredirecci\u00f3n a dicho sitio web, poniendo en conocimiento de las autoridades competentes el contenido<br \/>\nen cuesti\u00f3n.<br \/>\nEl RESPONSABLE no se hace responsable de la informaci\u00f3n y contenidos almacenados, a t\u00edtulo<br \/>\nenunciativo pero no limitativo, en foros, chats, generadores de blogs, comentarios, redes sociales o<br \/>\ncualquier otro medio que permita a terceros publicar contenidos de forma independiente en la p\u00e1gina<br \/>\nweb del RESPONSABLE. Sin embargo, y en cumplimiento de lo dispuesto en los art\u00edculos 11 y 16 de<br \/>\nla LSSICE, se pone a disposici\u00f3n de todos los usuarios, autoridades y fuerzas de seguridad,<br \/>\ncolaborando de forma activa en la retirada o, en su caso, bloqueo de todos aquellos contenidos que<br \/>\npuedan afectar o contravenir la legislaci\u00f3n nacional o internacional, los derechos de terceros o la moral<br \/>\ny el orden p\u00fablico. En caso de que el usuario considere que existe en el sitio web alg\u00fan contenido que<br \/>\npudiera ser susceptible de esta clasificaci\u00f3n, se ruega lo notifique de forma inmediata al administrador<br \/>\ndel sitio web.<br \/>\nEste sitio web se ha revisado y probado para que funcione correctamente. En principio, puede<br \/>\ngarantizarse el correcto funcionamiento los 365 d\u00edas del a\u00f1o, 24 horas al d\u00eda. Sin embargo, el<br \/>\nRESPONSABLE no descarta la posibilidad de que existan ciertos errores de programaci\u00f3n, o que<br \/>\nacontezcan causas de fuerza mayor, cat\u00e1strofes naturales, huelgas o circunstancias semejantes que<br \/>\nhagan imposible el acceso a la p\u00e1gina web.<\/p>\n<h3><strong>Direcciones IP<\/strong><\/h3>\n<p>Los servidores del sitio web podr\u00e1n detectar de manera autom\u00e1tica la direcci\u00f3n IP y el nombre de<br \/>\ndominio utilizados por el usuario. Una direcci\u00f3n IP es un n\u00famero asignado autom\u00e1ticamente a un<br \/>\nordenador cuando este se conecta a Internet. Toda esta informaci\u00f3n se registra en un fichero de<br \/>\nactividad del servidor que permite el posterior procesamiento de los datos con el fin de obtener<br \/>\nmediciones \u00fanicamente estad\u00edsticas que permitan conocer el n\u00famero de impresiones de p\u00e1ginas, el<br \/>\nn\u00famero de visitas realizadas a los servidores web, el orden de visitas, el punto de acceso, etc.<\/p>\n<h3><strong>4. LEY APLICABLE Y JURISDICCI\u00d3N<\/strong><\/h3>\n<p>Para la resoluci\u00f3n de todas las controversias o cuestiones relacionadas con el presente sitio web o de<br \/>\nlas actividades en \u00e9l desarrolladas, ser\u00e1 de aplicaci\u00f3n la legislaci\u00f3n espa\u00f1ola, a la que se someten<br \/>\nexpresamente las partes, siendo competentes para la resoluci\u00f3n de todos los conflictos derivados o<br \/>\nrelacionados con su uso los Juzgados y Tribunales m\u00e1s cercanos a ALCORCON.<\/p>\n<p>&nbsp;<\/p>\n<p>&nbsp;<\/p>\n<\/div>\n<\/div>\n<\/div>\n<\/div>\n<p><\/div>\r\n            <style type=\"text\/css\">\r\n                #text-block-DF2UsfJtXN {margin: 0px 0px 15px 0px;}#text-block-DF2UsfJtXN a:hover,#text-block-DF2UsfJtXN a:focus {color: #10a0c0;}#text-block-DF2UsfJtXN .drop-cap {font-weight: bold;font-size: 50px;display: block;float: left;margin: 8px 10px 0 0;}            <\/style>\r\n        [\/vc_column][vc_column width=&#8221;1\/6&#8243;][\/vc_column][\/vc_row]<\/p>\n","protected":false},"excerpt":{"rendered":"<p>[vc_row overflow=&#8221;default&#8221; css=&#8221;.vc_custom_1589786795530{padding-top: 80px !important;padding-bottom: 90px !important;}&#8221;][vc_column width=&#8221;1\/6&#8243;][\/vc_column][vc_column width=&#8221;2\/3&#8243;] Aviso legal &nbsp; LEY DE LOS SERVICIOS DE LA SOCIEDAD DE LA INFORMACI\u00d3N (LSSI) INTERMARGEN, S.L., responsable del sitio web, en adelante RESPONSABLE, pone a disposici\u00f3n de los usuarios el presente documento, con el que pretende&#8230;<\/p>\n","protected":false},"author":2,"featured_media":0,"parent":0,"menu_order":0,"comment_status":"closed","ping_status":"closed","template":"","meta":{"footnotes":""},"class_list":["post-1149","page","type-page","status-publish","hentry"],"_links":{"self":[{"href":"http:\/\/intermargen.com\/index.php?rest_route=\/wp\/v2\/pages\/1149","targetHints":{"allow":["GET"]}}],"collection":[{"href":"http:\/\/intermargen.com\/index.php?rest_route=\/wp\/v2\/pages"}],"about":[{"href":"http:\/\/intermargen.com\/index.php?rest_route=\/wp\/v2\/types\/page"}],"author":[{"embeddable":true,"href":"http:\/\/intermargen.com\/index.php?rest_route=\/wp\/v2\/users\/2"}],"replies":[{"embeddable":true,"href":"http:\/\/intermargen.com\/index.php?rest_route=%2Fwp%2Fv2%2Fcomments&post=1149"}],"version-history":[{"count":4,"href":"http:\/\/intermargen.com\/index.php?rest_route=\/wp\/v2\/pages\/1149\/revisions"}],"predecessor-version":[{"id":1153,"href":"http:\/\/intermargen.com\/index.php?rest_route=\/wp\/v2\/pages\/1149\/revisions\/1153"}],"wp:attachment":[{"href":"http:\/\/intermargen.com\/index.php?rest_route=%2Fwp%2Fv2%2Fmedia&parent=1149"}],"curies":[{"name":"wp","href":"https:\/\/api.w.org\/{rel}","templated":true}]}}